{"id":19673,"date":"2018-09-27T10:14:30","date_gmt":"2018-09-27T08:14:30","guid":{"rendered":"https:\/\/www.lepont.fr\/instruments\/\/?page_id=19673"},"modified":"2018-10-31T15:22:13","modified_gmt":"2018-10-31T14:22:13","slug":"mentions-legales","status":"publish","type":"page","link":"https:\/\/www.lepont.fr\/instruments\/mentions-legales\/","title":{"rendered":"Mentions l\u00e9gales"},"content":{"rendered":"<p><div class=\"fusion-fullwidth fullwidth-box fusion-builder-row-1 fusion-parallax-none main-headband hundred-percent-fullwidth non-hundred-percent-height-scrolling\" style=\"background-color: rgba(0,0,0,0.7);background-image: url(&quot;https:\/\/www.lepont.fr\/instruments\/\/wp-content\/uploads\/2018\/06\/edito-bg.jpg&quot;);background-position: center center;background-repeat: no-repeat;background-blend-mode: overlay;padding-top:90px;padding-right:0px;padding-bottom:90px;padding-left:0px;margin-bottom: 0px;margin-top: 0px;border-width: 0px 0px 0px 0px;border-color:#eae9e9;border-style:solid;-webkit-background-size:cover;-moz-background-size:cover;-o-background-size:cover;background-size:cover;\" ><div class=\"fusion-builder-row fusion-row\"><div class=\"fusion-layout-column fusion_builder_column fusion-builder-column-0 fusion_builder_column_1_1 1_1 fusion-one-full fusion-column-first fusion-column-last\" style=\"margin-top:15px;margin-bottom:15px;\"><div class=\"fusion-column-wrapper fusion-flex-column-wrapper-legacy\" style=\"background-position:left top;background-repeat:no-repeat;-webkit-background-size:cover;-moz-background-size:cover;-o-background-size:cover;background-size:cover;padding: 0px 0px 0px 0px;\"><div class=\"fusion-text fusion-text-1 main-title\"><h1 style=\"font-size: 70px; text-align: center; line-height: 84px; color: #ffffff;\">Mentions l\u00e9gales<\/h1>\n<\/div><div class=\"fusion-sep-clear\"><\/div><div class=\"fusion-separator fusion-full-width-sep\" style=\"margin-left: auto;margin-right: auto;width:100%;\"><\/div><div class=\"fusion-sep-clear\"><\/div><div class=\"fusion-clearfix\"><\/div><\/div><\/div><\/div><\/div><div class=\"fusion-fullwidth fullwidth-box fusion-builder-row-2 nonhundred-percent-fullwidth non-hundred-percent-height-scrolling\" style=\"background-color: #ffffff;background-position: center center;background-repeat: no-repeat;padding-top:55px;padding-right:0px;padding-bottom:40px;padding-left:0px;margin-bottom: 0px;margin-top: 0px;border-width: 0px 0px 0px 0px;border-color:#eae9e9;border-style:solid;\" ><div class=\"fusion-builder-row fusion-row\"><div class=\"fusion-layout-column fusion_builder_column fusion-builder-column-1 fusion_builder_column_1_1 1_1 fusion-one-full fusion-column-first fusion-column-last fusion-column-no-min-height\" style=\"margin-top:0px;margin-bottom:0px;\"><div class=\"fusion-column-wrapper fusion-flex-column-wrapper-legacy\" style=\"background-position:left top;background-repeat:no-repeat;-webkit-background-size:cover;-moz-background-size:cover;-o-background-size:cover;background-size:cover;padding: 0px 0px 0px 0px;\"><div class=\"fusion-text fusion-text-2\"><p>Conform\u00e9ment aux dispositions des articles 6-III et 19 de la loi pour la Confiance dans l\u2019\u00c9conomie Num\u00e9rique, nous vous informons que :<\/p>\n<h2>Le pr\u00e9sent site internet est \u00e9dit\u00e9 par LEPONT &#8211; GROUPE BRIDGIN<\/h2>\n<p>Raison sociale : LEPONT Instruments<br \/>\nResponsable : Didier Persin &#8211; Co-g\u00e9rant<br \/>\nSi\u00e8ge social : 21 boulevard Littr\u00e9 78600 Le Mesnil Le Roi<br \/>\nPays : France<br \/>\nT\u00e9l\u00e9phone : 09 73 87 04 26<br \/>\nFax : 09 73 87 99 09<br \/>\nNum CNIL : 1406683<\/p>\n<h2>Le prestataire assurant l&rsquo;h\u00e9bergement du site www.lepont.fr est :<\/h2>\n<p>772424.com &#8211; FRANCE<\/p>\n<\/div><div class=\"fusion-clearfix\"><\/div><\/div><\/div><\/div><\/div><div class=\"fusion-fullwidth fullwidth-box fusion-builder-row-3 nonhundred-percent-fullwidth non-hundred-percent-height-scrolling fusion-equal-height-columns\" style=\"background-color: #222222;background-position: left top;background-repeat: no-repeat;padding-top:20px;padding-right:0px;padding-bottom:0px;padding-left:0px;margin-bottom: 0px;border-width: 0px 0px 0px 0px;border-color:#eae9e9;border-style:solid;\" ><div class=\"fusion-builder-row fusion-row\"><div class=\"fusion-layout-column fusion_builder_column fusion-builder-column-2 fusion_builder_column_3_5 3_5 fusion-three-fifth fusion-column-first\" style=\"width:60%;width:calc(60% - ( ( 0 ) * 0.6 ) );margin-right: 0px;margin-top:0px;margin-bottom:15px;\"><div class=\"fusion-column-wrapper fusion-flex-column-wrapper-legacy\" style=\"background-position:left top;background-repeat:no-repeat;-webkit-background-size:cover;-moz-background-size:cover;-o-background-size:cover;background-size:cover;padding: 0px 0px 0px 0px;\"><div class=\"fusion-column-content-centered\"><div class=\"fusion-column-content\"><div class=\"fusion-fa-align-left\"><i class=\"fb-icon-element-1 fb-icon-element fontawesome-icon fa-envelope far circle-yes fusion-animated\" style=\"font-size:33.44px;line-height:64.88px;height:66.88px;width:66.88px;border-width:1px;margin-right:19px;\" data-animationType=\"fadeInLeft\" data-animationDuration=\"1\" data-animationOffset=\"top-into-view\"><\/i><\/div><style>i.fb-icon-element.fontawesome-icon.fb-icon-element-1{ color: #74797f; background-color: #2b2e32; border-color: transparent;}i.fb-icon-element.fontawesome-icon.fb-icon-element-1:hover { color: #74797f; background-color: #2b2e32; border-color: transparent;}<\/style><div class=\"fusion-text fusion-text-3\"><h3 style=\"font-size: 26px; line-height: 32px; margin-top: 15px;\"><span style=\"color: #ffffff;\">Rejoignez notre groupe et recevez la NEWSLETTER d\u00e9di\u00e9e\u00a0<\/span><\/h3>\n<\/div><\/div><\/div><div class=\"fusion-clearfix\"><\/div><\/div><\/div><div class=\"fusion-layout-column fusion_builder_column fusion-builder-column-3 fusion_builder_column_2_5 2_5 fusion-two-fifth fusion-column-last\" style=\"width:40%;width:calc(40% - ( ( 0 ) * 0.4 ) );margin-top:15px;margin-bottom:15px;\"><div class=\"fusion-column-wrapper fusion-flex-column-wrapper-legacy\" style=\"background-position:left top;background-repeat:no-repeat;-webkit-background-size:cover;-moz-background-size:cover;-o-background-size:cover;background-size:cover;padding: 0px 0px 0px 0px;\"><div class=\"fusion-column-content-centered\"><div class=\"fusion-column-content\"><div class=\"fusion-text fusion-text-4\">\n<div class=\"wpcf7 no-js\" id=\"wpcf7-f16954-o1\" lang=\"en-US\" dir=\"ltr\">\n<div class=\"screen-reader-response\"><p role=\"status\" aria-live=\"polite\" aria-atomic=\"true\"><\/p> <ul><\/ul><\/div>\n<form action=\"\/instruments\/wp-json\/wp\/v2\/pages\/19673#wpcf7-f16954-o1\" method=\"post\" class=\"wpcf7-form init\" aria-label=\"Contact form\" novalidate=\"novalidate\" data-status=\"init\">\n<div style=\"display: none;\">\n<input type=\"hidden\" name=\"_wpcf7\" value=\"16954\" \/>\n<input type=\"hidden\" name=\"_wpcf7_version\" value=\"5.7.7\" \/>\n<input type=\"hidden\" name=\"_wpcf7_locale\" value=\"en_US\" \/>\n<input type=\"hidden\" name=\"_wpcf7_unit_tag\" value=\"wpcf7-f16954-o1\" \/>\n<input type=\"hidden\" name=\"_wpcf7_container_post\" value=\"0\" \/>\n<input type=\"hidden\" name=\"_wpcf7_posted_data_hash\" value=\"\" \/>\n<input type=\"hidden\" name=\"_wpcf7_recaptcha_response\" value=\"\" \/>\n<\/div>\n<div class=\"fusion-two-third fusion-layout-column fusion-spacing-yes\">\n\t<p><label aria-label=\"Email\"><span class=\"wpcf7-form-control-wrap\" data-name=\"your-email\"><input size=\"40\" class=\"wpcf7-form-control wpcf7-text wpcf7-email wpcf7-validates-as-email\" aria-invalid=\"false\" placeholder=\"Indiquer votre e-mail\" value=\"\" type=\"email\" name=\"your-email\" \/><\/span><\/label>\n\t<\/p>\n<\/div>\n<div class=\"fusion-one-full fusion-spacing-yes\">\n\n<\/div>\n<div class=\"fusion-one-third fusion-layout-column fusion-column-last fusion-spacing-yes\">\n\t<p><input class=\"wpcf7-form-control has-spinner wpcf7-submit\" type=\"submit\" value=\"Envoyer\" \/>\n\t<\/p>\n<\/div><div class=\"fusion-alert alert custom alert-custom fusion-alert-center wpcf7-response-output fusion-alert-capitalize alert-dismissable\" style=\"border-width:1px;\"><button type=\"button\" class=\"close toggle-alert\" data-dismiss=\"alert\" aria-label=\"Close\">&times;<\/button><div class=\"fusion-alert-content-wrapper\"><span class=\"fusion-alert-content\"><\/span><\/div><\/div>\n<\/form>\n<\/div>\n\n<\/div><\/div><\/div><div class=\"fusion-clearfix\"><\/div><\/div><\/div><\/div><\/div>\n<\/p>\n","protected":false},"excerpt":{"rendered":"","protected":false},"author":1,"featured_media":0,"parent":0,"menu_order":0,"comment_status":"open","ping_status":"open","template":"100-width.php","meta":[],"yoast_head":"<!-- This site is optimized with the Yoast SEO plugin v14.9 - https:\/\/yoast.com\/wordpress\/plugins\/seo\/ -->\n<title>Mentions l\u00e9gales - Instruments by Lepont<\/title>\n<meta name=\"robots\" content=\"index, follow, max-snippet:-1, max-image-preview:large, max-video-preview:-1\" \/>\n<link rel=\"canonical\" href=\"https:\/\/www.lepont.fr\/instruments\/mentions-legales\/\" \/>\n<meta property=\"og:locale\" content=\"fr_FR\" \/>\n<meta property=\"og:type\" content=\"article\" \/>\n<meta property=\"og:title\" content=\"Mentions l\u00e9gales - Instruments by Lepont\" \/>\n<meta property=\"og:url\" content=\"https:\/\/www.lepont.fr\/instruments\/mentions-legales\/\" \/>\n<meta property=\"og:site_name\" content=\"Instruments by Lepont\" \/>\n<meta property=\"article:modified_time\" content=\"2018-10-31T14:22:13+00:00\" \/>\n<meta property=\"og:image\" content=\"https:\/\/www.lepont.fr\/instruments\/wp-content\/uploads\/2020\/10\/Carnet-terrain.png\" \/>\n\t<meta property=\"og:image:width\" content=\"304\" \/>\n\t<meta property=\"og:image:height\" content=\"328\" \/>\n<meta name=\"twitter:card\" content=\"summary_large_image\" \/>\n<script type=\"application\/ld+json\" class=\"yoast-schema-graph\">{\"@context\":\"https:\/\/schema.org\",\"@graph\":[{\"@type\":\"Organization\",\"@id\":\"https:\/\/www.lepont.fr\/instruments\/#organization\",\"name\":\"Lepont Instruments\",\"url\":\"https:\/\/www.lepont.fr\/instruments\/\",\"sameAs\":[],\"logo\":{\"@type\":\"ImageObject\",\"@id\":\"https:\/\/www.lepont.fr\/instruments\/#logo\",\"inLanguage\":\"fr-FR\",\"url\":\"https:\/\/www.lepont.fr\/instruments\/wp-content\/uploads\/2023\/01\/logo-lepont-instruments.jpg\",\"width\":716,\"height\":236,\"caption\":\"Lepont Instruments\"},\"image\":{\"@id\":\"https:\/\/www.lepont.fr\/instruments\/#logo\"}},{\"@type\":\"WebSite\",\"@id\":\"https:\/\/www.lepont.fr\/instruments\/#website\",\"url\":\"https:\/\/www.lepont.fr\/instruments\/\",\"name\":\"Instruments by Lepont\",\"description\":\"Solutions topographiques TOPCON ET SPECTRA GEOSPATIAL FRANCE\",\"publisher\":{\"@id\":\"https:\/\/www.lepont.fr\/instruments\/#organization\"},\"potentialAction\":[{\"@type\":\"SearchAction\",\"target\":\"https:\/\/www.lepont.fr\/instruments\/?s={search_term_string}\",\"query-input\":\"required name=search_term_string\"}],\"inLanguage\":\"fr-FR\"},{\"@type\":\"WebPage\",\"@id\":\"https:\/\/www.lepont.fr\/instruments\/mentions-legales\/#webpage\",\"url\":\"https:\/\/www.lepont.fr\/instruments\/mentions-legales\/\",\"name\":\"Mentions l\\u00e9gales - Instruments by Lepont\",\"isPartOf\":{\"@id\":\"https:\/\/www.lepont.fr\/instruments\/#website\"},\"datePublished\":\"2018-09-27T08:14:30+00:00\",\"dateModified\":\"2018-10-31T14:22:13+00:00\",\"inLanguage\":\"fr-FR\",\"potentialAction\":[{\"@type\":\"ReadAction\",\"target\":[\"https:\/\/www.lepont.fr\/instruments\/mentions-legales\/\"]}]}]}<\/script>\n<!-- \/ Yoast SEO plugin. -->","_links":{"self":[{"href":"https:\/\/www.lepont.fr\/instruments\/wp-json\/wp\/v2\/pages\/19673"}],"collection":[{"href":"https:\/\/www.lepont.fr\/instruments\/wp-json\/wp\/v2\/pages"}],"about":[{"href":"https:\/\/www.lepont.fr\/instruments\/wp-json\/wp\/v2\/types\/page"}],"author":[{"embeddable":true,"href":"https:\/\/www.lepont.fr\/instruments\/wp-json\/wp\/v2\/users\/1"}],"replies":[{"embeddable":true,"href":"https:\/\/www.lepont.fr\/instruments\/wp-json\/wp\/v2\/comments?post=19673"}],"version-history":[{"count":5,"href":"https:\/\/www.lepont.fr\/instruments\/wp-json\/wp\/v2\/pages\/19673\/revisions"}],"predecessor-version":[{"id":19945,"href":"https:\/\/www.lepont.fr\/instruments\/wp-json\/wp\/v2\/pages\/19673\/revisions\/19945"}],"wp:attachment":[{"href":"https:\/\/www.lepont.fr\/instruments\/wp-json\/wp\/v2\/media?parent=19673"}],"curies":[{"name":"wp","href":"https:\/\/api.w.org\/{rel}","templated":true}]}}