{"id":22465,"date":"2022-08-02T16:07:20","date_gmt":"2022-08-02T14:07:20","guid":{"rendered":"https:\/\/www.lepont.fr\/instruments\/?page_id=22465"},"modified":"2022-08-02T16:30:56","modified_gmt":"2022-08-02T14:30:56","slug":"nos-solutions-3d","status":"publish","type":"page","link":"https:\/\/www.lepont.fr\/instruments\/nos-solutions-3d\/","title":{"rendered":"Nos solutions 3D"},"content":{"rendered":"<div class=\"fusion-fullwidth fullwidth-box fusion-builder-row-1 nonhundred-percent-fullwidth non-hundred-percent-height-scrolling\" style=\"background-color: #ffffff;background-position: center center;background-repeat: no-repeat;padding-top:0px;padding-right:0px;padding-bottom:0px;padding-left:0px;margin-bottom: 0px;margin-top: 0px;border-width: 0px 0px 0px 0px;border-color:#eae9e9;border-style:solid;\" ><div class=\"fusion-builder-row fusion-row\"><div class=\"fusion-layout-column fusion_builder_column fusion-builder-column-0 fusion_builder_column_1_1 1_1 fusion-one-full fusion-column-first fusion-column-last\" style=\"margin-top:15px;margin-bottom:15px;\"><div class=\"fusion-column-wrapper fusion-flex-column-wrapper-legacy\" style=\"background-position:left top;background-repeat:no-repeat;-webkit-background-size:cover;-moz-background-size:cover;-o-background-size:cover;background-size:cover;padding: 0px 0px 0px 0px;\"><div class=\"fusion-text fusion-text-1\"><h1 style=\"text-align: center;\">D\u00e9couvrez nos solutions 3D<\/h1>\n<\/div><div class=\"fusion-text fusion-text-2\"><p>Gagnez en productivit\u00e9 et en efficacit\u00e9 en passant \u00e0 des solutions 3D ! Nous vous proposons scanners 3D, drone LiDAR et drone photogramm\u00e9trie pour exploiter au maximum le potentiel de votre entreprise.<\/p>\n<\/div><div class=\"fusion-clearfix\"><\/div><\/div><\/div><div class=\"fusion-layout-column fusion_builder_column fusion-builder-column-1 fusion_builder_column_1_3 1_3 fusion-one-third fusion-column-first\" style=\"width:33.333333333333%;width:calc(33.333333333333% - ( ( 4% + 4% ) * 0.33333333333333 ) );margin-right: 4%;margin-top:15px;margin-bottom:15px;\"><div class=\"fusion-column-wrapper fusion-flex-column-wrapper-legacy\" style=\"background-position:left top;background-repeat:no-repeat;-webkit-background-size:cover;-moz-background-size:cover;-o-background-size:cover;background-size:cover;padding: 0px 0px 0px 0px;\"><div class=\"imageframe-align-center\"><span class=\" fusion-imageframe imageframe-none imageframe-1 hover-type-none\"><a class=\"fusion-no-lightbox\" href=\"https:\/\/www.lepont.fr\/instruments\/produit\/scanner-3d-laser\/\" target=\"_self\" aria-label=\"Scanner 3D FARO\"><img decoding=\"async\" width=\"300\" height=\"300\" alt=\"Scanner 3D FARO\" src=\"https:\/\/www.lepont.fr\/instruments\/wp-content\/uploads\/2022\/08\/FARO.jpg\" class=\"img-responsive wp-image-22469\" srcset=\"https:\/\/www.lepont.fr\/instruments\/wp-content\/uploads\/2022\/08\/FARO-200x200.jpg 200w, https:\/\/www.lepont.fr\/instruments\/wp-content\/uploads\/2022\/08\/FARO.jpg 300w\" sizes=\"(max-width: 800px) 100vw, 300px\" \/><\/a><\/span><\/div><div class=\"fusion-aligncenter\"><style type=\"text\/css\">.fusion-button.button-1 {border-radius:25px;}<\/style><a class=\"fusion-button button-flat fusion-button-default-size button-default button-1 fusion-button-default-span fusion-button-default-type\" target=\"_self\" href=\"https:\/\/www.lepont.fr\/instruments\/produit\/scanner-3d-laser\/\" style=\"margin-top:25px;\"><span class=\"fusion-button-text\">Nos scanners 3D<\/span><\/a><\/div><div class=\"fusion-clearfix\"><\/div><\/div><\/div><div class=\"fusion-layout-column fusion_builder_column fusion-builder-column-2 fusion_builder_column_1_3 1_3 fusion-one-third\" style=\"width:33.333333333333%;width:calc(33.333333333333% - ( ( 4% + 4% ) * 0.33333333333333 ) );margin-right: 4%;margin-top:15px;margin-bottom:15px;\"><div class=\"fusion-column-wrapper fusion-flex-column-wrapper-legacy\" style=\"background-position:left top;background-repeat:no-repeat;-webkit-background-size:cover;-moz-background-size:cover;-o-background-size:cover;background-size:cover;padding: 0px 0px 0px 0px;\"><div class=\"imageframe-align-center\"><span class=\" fusion-imageframe imageframe-none imageframe-2 hover-type-none\"><a class=\"fusion-no-lightbox\" href=\"https:\/\/www.lepont.fr\/instruments\/produit\/drone-dji-phantom-4-rtk-photogrammetrie\/\" target=\"_self\" aria-label=\"DJI\"><img decoding=\"async\" width=\"300\" height=\"300\" src=\"https:\/\/www.lepont.fr\/instruments\/wp-content\/uploads\/2022\/08\/DJI.jpg\" class=\"img-responsive wp-image-22467\" srcset=\"https:\/\/www.lepont.fr\/instruments\/wp-content\/uploads\/2022\/08\/DJI-200x200.jpg 200w, https:\/\/www.lepont.fr\/instruments\/wp-content\/uploads\/2022\/08\/DJI.jpg 300w\" sizes=\"(max-width: 800px) 100vw, 300px\" \/><\/a><\/span><\/div><div class=\"fusion-aligncenter\"><style type=\"text\/css\">.fusion-button.button-2 {border-radius:25px;}<\/style><a class=\"fusion-button button-flat fusion-button-default-size button-default button-2 fusion-button-default-span fusion-button-default-type\" target=\"_self\" href=\"https:\/\/www.lepont.fr\/instruments\/produit\/drone-dji-phantom-4-rtk-photogrammetrie\/\" style=\"margin-top:25px;\"><span class=\"fusion-button-text\">Drone photogramm\u00e9trie<\/span><\/a><\/div><div class=\"fusion-clearfix\"><\/div><\/div><\/div><div class=\"fusion-layout-column fusion_builder_column fusion-builder-column-3 fusion_builder_column_1_3 1_3 fusion-one-third fusion-column-last\" style=\"width:33.333333333333%;width:calc(33.333333333333% - ( ( 4% + 4% ) * 0.33333333333333 ) );margin-top:15px;margin-bottom:15px;\"><div class=\"fusion-column-wrapper fusion-flex-column-wrapper-legacy\" style=\"background-position:left top;background-repeat:no-repeat;-webkit-background-size:cover;-moz-background-size:cover;-o-background-size:cover;background-size:cover;padding: 0px 0px 0px 0px;\"><div class=\"imageframe-align-center\"><span class=\" fusion-imageframe imageframe-none imageframe-3 hover-type-none\"><a class=\"fusion-no-lightbox\" href=\"https:\/\/www.lepont.fr\/instruments\/produit\/dji-matrice-300-rtk\/\" target=\"_self\"><img decoding=\"async\" width=\"300\" height=\"300\" alt=\"Drone Lidar DJI\" src=\"https:\/\/www.lepont.fr\/instruments\/wp-content\/uploads\/2022\/08\/SJI.jpg\" class=\"img-responsive wp-image-22468\" srcset=\"https:\/\/www.lepont.fr\/instruments\/wp-content\/uploads\/2022\/08\/SJI-200x200.jpg 200w, https:\/\/www.lepont.fr\/instruments\/wp-content\/uploads\/2022\/08\/SJI.jpg 300w\" sizes=\"(max-width: 800px) 100vw, 300px\" \/><\/a><\/span><\/div><div class=\"fusion-aligncenter\"><style type=\"text\/css\">.fusion-button.button-3 {border-radius:25px;}<\/style><a class=\"fusion-button button-flat fusion-button-default-size button-default button-3 fusion-button-default-span fusion-button-default-type\" target=\"_self\" href=\"https:\/\/www.lepont.fr\/instruments\/produit\/dji-matrice-300-rtk\/\" style=\"margin-top:25px;\"><span class=\"fusion-button-text\">Drone LiDAR<\/span><\/a><\/div><div class=\"fusion-clearfix\"><\/div><\/div><\/div><\/div><\/div>\n","protected":false},"excerpt":{"rendered":"","protected":false},"author":3,"featured_media":0,"parent":0,"menu_order":0,"comment_status":"closed","ping_status":"closed","template":"","meta":[],"yoast_head":"<!-- This site is optimized with the Yoast SEO plugin v14.9 - https:\/\/yoast.com\/wordpress\/plugins\/seo\/ -->\n<title>Nos solutions 3D - Instruments by Lepont<\/title>\n<meta name=\"robots\" content=\"index, follow, max-snippet:-1, max-image-preview:large, max-video-preview:-1\" \/>\n<link rel=\"canonical\" href=\"https:\/\/www.lepont.fr\/instruments\/nos-solutions-3d\/\" \/>\n<meta property=\"og:locale\" content=\"fr_FR\" \/>\n<meta property=\"og:type\" content=\"article\" \/>\n<meta property=\"og:title\" content=\"Nos solutions 3D - Instruments by Lepont\" \/>\n<meta property=\"og:url\" content=\"https:\/\/www.lepont.fr\/instruments\/nos-solutions-3d\/\" \/>\n<meta property=\"og:site_name\" content=\"Instruments by Lepont\" \/>\n<meta property=\"article:modified_time\" content=\"2022-08-02T14:30:56+00:00\" \/>\n<meta property=\"og:image\" content=\"https:\/\/www.lepont.fr\/instruments\/wp-content\/uploads\/2020\/10\/Carnet-terrain.png\" \/>\n\t<meta property=\"og:image:width\" content=\"304\" \/>\n\t<meta property=\"og:image:height\" content=\"328\" \/>\n<meta name=\"twitter:card\" content=\"summary_large_image\" \/>\n<script type=\"application\/ld+json\" class=\"yoast-schema-graph\">{\"@context\":\"https:\/\/schema.org\",\"@graph\":[{\"@type\":\"Organization\",\"@id\":\"https:\/\/www.lepont.fr\/instruments\/#organization\",\"name\":\"Lepont Instruments\",\"url\":\"https:\/\/www.lepont.fr\/instruments\/\",\"sameAs\":[],\"logo\":{\"@type\":\"ImageObject\",\"@id\":\"https:\/\/www.lepont.fr\/instruments\/#logo\",\"inLanguage\":\"fr-FR\",\"url\":\"https:\/\/www.lepont.fr\/instruments\/wp-content\/uploads\/2023\/01\/logo-lepont-instruments.jpg\",\"width\":716,\"height\":236,\"caption\":\"Lepont Instruments\"},\"image\":{\"@id\":\"https:\/\/www.lepont.fr\/instruments\/#logo\"}},{\"@type\":\"WebSite\",\"@id\":\"https:\/\/www.lepont.fr\/instruments\/#website\",\"url\":\"https:\/\/www.lepont.fr\/instruments\/\",\"name\":\"Instruments by Lepont\",\"description\":\"Solutions topographiques TOPCON ET SPECTRA GEOSPATIAL FRANCE\",\"publisher\":{\"@id\":\"https:\/\/www.lepont.fr\/instruments\/#organization\"},\"potentialAction\":[{\"@type\":\"SearchAction\",\"target\":\"https:\/\/www.lepont.fr\/instruments\/?s={search_term_string}\",\"query-input\":\"required name=search_term_string\"}],\"inLanguage\":\"fr-FR\"},{\"@type\":\"WebPage\",\"@id\":\"https:\/\/www.lepont.fr\/instruments\/nos-solutions-3d\/#webpage\",\"url\":\"https:\/\/www.lepont.fr\/instruments\/nos-solutions-3d\/\",\"name\":\"Nos solutions 3D - Instruments by Lepont\",\"isPartOf\":{\"@id\":\"https:\/\/www.lepont.fr\/instruments\/#website\"},\"datePublished\":\"2022-08-02T14:07:20+00:00\",\"dateModified\":\"2022-08-02T14:30:56+00:00\",\"inLanguage\":\"fr-FR\",\"potentialAction\":[{\"@type\":\"ReadAction\",\"target\":[\"https:\/\/www.lepont.fr\/instruments\/nos-solutions-3d\/\"]}]}]}<\/script>\n<!-- \/ Yoast SEO plugin. -->","_links":{"self":[{"href":"https:\/\/www.lepont.fr\/instruments\/wp-json\/wp\/v2\/pages\/22465"}],"collection":[{"href":"https:\/\/www.lepont.fr\/instruments\/wp-json\/wp\/v2\/pages"}],"about":[{"href":"https:\/\/www.lepont.fr\/instruments\/wp-json\/wp\/v2\/types\/page"}],"author":[{"embeddable":true,"href":"https:\/\/www.lepont.fr\/instruments\/wp-json\/wp\/v2\/users\/3"}],"replies":[{"embeddable":true,"href":"https:\/\/www.lepont.fr\/instruments\/wp-json\/wp\/v2\/comments?post=22465"}],"version-history":[{"count":3,"href":"https:\/\/www.lepont.fr\/instruments\/wp-json\/wp\/v2\/pages\/22465\/revisions"}],"predecessor-version":[{"id":22471,"href":"https:\/\/www.lepont.fr\/instruments\/wp-json\/wp\/v2\/pages\/22465\/revisions\/22471"}],"wp:attachment":[{"href":"https:\/\/www.lepont.fr\/instruments\/wp-json\/wp\/v2\/media?parent=22465"}],"curies":[{"name":"wp","href":"https:\/\/api.w.org\/{rel}","templated":true}]}}