{"id":22680,"date":"2023-04-05T12:35:45","date_gmt":"2023-04-05T10:35:45","guid":{"rendered":"https:\/\/www.lepont.fr\/instruments\/?page_id=22680"},"modified":"2025-09-22T16:09:50","modified_gmt":"2025-09-22T14:09:50","slug":"cgv","status":"publish","type":"page","link":"https:\/\/www.lepont.fr\/instruments\/cgv\/","title":{"rendered":"CGV"},"content":{"rendered":"<div class=\"fusion-fullwidth fullwidth-box fusion-builder-row-1 fusion-flex-container nonhundred-percent-fullwidth non-hundred-percent-height-scrolling\" style=\"background-color: #ffffff;background-position: center center;background-repeat: no-repeat;border-width: 0px 0px 0px 0px;border-color:#eae9e9;border-style:solid;\" ><div class=\"fusion-builder-row fusion-row fusion-flex-align-items-flex-start\" style=\"max-width:1216.8px;margin-left: calc(-4% \/ 2 );margin-right: calc(-4% \/ 2 );\"><div class=\"fusion-layout-column fusion_builder_column fusion-builder-column-0 fusion_builder_column_1_1 1_1 fusion-flex-column\"><div class=\"fusion-column-wrapper fusion-flex-justify-content-flex-start fusion-content-layout-column\" style=\"background-position:left top;background-repeat:no-repeat;-webkit-background-size:cover;-moz-background-size:cover;-o-background-size:cover;background-size:cover;padding: 0px 0px 0px 0px;\"><div class=\"fusion-text fusion-text-1\"><h1 class=\"fusion-responsive-typography-calculated\" data-fontsize=\"50\" data-lineheight=\"60px\">Article 1 \u2013 Conditions g\u00e9n\u00e9rales de vente BRIDGIN SARL \u2013 Division Instruments by Lepont<\/h1>\n<p>Instruments by Lepont est une division du Groupe Bridgin SARL au capital de 1.100.000 \u20ac \u2013 dont le si\u00e8ge social est bas\u00e9 au 21 Boulevard Littr\u00e9 \u2013 78600 LE MESNIL LE ROI \u2013 SIRET : 438880 486 00016.<\/p>\n<p>Service commercial et logistique : 21 Boulevard Littr\u00e9 \u2013 78600 Le Mesnil le Roi<\/p>\n<ul>\n<li><strong>Raison sociale<\/strong>\u00a0: BRIDGIN Sarl<\/li>\n<li><strong>Si\u00e8ge social<\/strong>\u00a0: 21 boulevard Littr\u00e9<\/li>\n<li><strong>Code postal<\/strong>\u00a0: 78600<\/li>\n<li><strong>Ville<\/strong>\u00a0: Le Mesnil Le Roi<\/li>\n<li><strong>Pays<\/strong>\u00a0: France<\/li>\n<li><strong>T\u00e9l\u00e9phone<\/strong>\u00a0: +33 9 73 87 04 24<\/li>\n<li><strong>Num CNIL<\/strong>\u00a0: 1406683<\/li>\n<\/ul>\n<p>Les pr\u00e9sentes conditions g\u00e9n\u00e9rales de vente visent \u00e0 d\u00e9finir les relations contractuelles entre : BRIDGIN SARL \u2013 21 Boulevard Littr\u00e9 \u2013 78600 LE MESNIL LE ROI et l\u2019acheteur ou l\u2019utilisateur, ainsi que les conditions applicables \u00e0 tout achat effectu\u00e9 via des repr\u00e9sentants commerciaux ou en direct.<\/p>\n<p>Nos ventes sont faites exclusivement aux conditions particuli\u00e8res et aux pr\u00e9sentes conditions g\u00e9n\u00e9rales que l\u2019acheteur ou l\u2019utilisateur reconna\u00eet formellement accepter d\u00e8s qu\u2019il commande. Toute autre condition contraire ou diff\u00e9rente qui pourrait \u00eatre stipul\u00e9e par l\u2019acheteur ou l\u2019utilisateur, avant ou m\u00eame apr\u00e8s les pr\u00e9sentes, sera r\u00e9put\u00e9e non \u00e9crite \u00e0 notre \u00e9gard si elle n\u2019a pas re\u00e7u notre acceptation pr\u00e9alable et \u00e9crite.<\/p>\n<h1 class=\"fusion-responsive-typography-calculated\" data-fontsize=\"50\" data-lineheight=\"60px\">Article 2 \u2013 Articles et prix<\/h1>\n<p><strong>Les articles :<\/strong><\/p>\n<p>Les articles qui figurent dans nos documents publicitaires sont propos\u00e9s dans la limite des stocks disponibles. Ils sont d\u00e9crits et pr\u00e9sent\u00e9s avec la plus grande exactitude possible. Toutefois si des erreurs ou omissions ont pu se produire quant \u00e0 cette pr\u00e9sentation, la responsabilit\u00e9 de BRIDGIN SARL ne pourrait \u00eatre engag\u00e9e. Les photographies des articles ne sont pas contractuelles.<\/p>\n<p>Nous nous r\u00e9servons le droit de modifier nos articles en suivant l\u2019\u00e9volution technique et les pr\u00e9rogatives des fournisseurs.<\/p>\n<p><strong>Les prix :<\/strong><\/p>\n<p>Nos prix sont \u00e9tablis hors TVA et s\u2019entendent hors participation forfaitaire aux frais d\u2019envoi.<\/p>\n<p>En cas d\u2019affichage d\u2019un prix erron\u00e9, manifestement d\u00e9risoire (vil prix), quelle qu\u2019en soit la raison (bug informatique, erreur manuelle, erreur technique), la commande de l\u2019Utilisateur ou acheteur, m\u00eame si elle a d\u00e9j\u00e0 \u00e9t\u00e9 valid\u00e9e par BRIDGIN SARL, sera annul\u00e9e, ce dont BRIDGIN SARL informera l\u2019Utilisateur\u00a0 dans les meilleurs d\u00e9lais. L\u2019Utilisateur ou acheteur, s\u2019il le souhaite, aura alors la possibilit\u00e9 de repasser sa commande au prix corrig\u00e9 et exact.<\/p>\n<h1 class=\"fusion-responsive-typography-calculated\" data-fontsize=\"50\" data-lineheight=\"60px\">Article 3 \u2013 Commandes<\/h1>\n<p>Les commandes peuvent \u00eatre effectu\u00e9es :<\/p>\n<ul>\n<li><strong>Par email<\/strong>\u00a0: solutions@lepont.fr<\/li>\n<li><strong>Par t\u00e9l\u00e9phone<\/strong>\u00a0: +33 9 73 87 04 24<\/li>\n<\/ul>\n<p>Les commandes sont ex\u00e9cut\u00e9es dans les meilleurs d\u00e9lais, m\u00eame partiellement et font l\u2019objet d\u2019un accus\u00e9 de r\u00e9ception.<\/p>\n<p>La rapidit\u00e9 et la qualit\u00e9 de la distribution de nos envois sont li\u00e9es \u00e0 l\u2019exactitude des informations concernant votre adresse: celle-ci doit donc \u00eatre pr\u00e9cise et compl\u00e8te.<\/p>\n<p>Afin d\u2019\u00e9viter toute erreur ou litige, nous demandons \u00e0 nos clients de bien porter sur leurs commandes les r\u00e9f\u00e9rences pour chaque article.<\/p>\n<p>Toutes les commandes re\u00e7ues seront ex\u00e9cut\u00e9es selon nos conditions de vente, nous ne reconnaissons pas les clauses oppos\u00e9es qui pourraient \u00eatre mentionn\u00e9es sur les documents de nos clients. Seules les propositions confirm\u00e9es par \u00e9crit nous engagent.<\/p>\n<p>En cas de rupture de stock, BRIDGIN SARL informera l\u2019acheteur d\u2019un nouveau d\u00e9lai de mise \u00e0 disposition. L\u2019acheteur aura n\u00e9anmoins la possibilit\u00e9 d\u2019annuler sa commande.<\/p>\n<h1 class=\"fusion-responsive-typography-calculated\" data-fontsize=\"50\" data-lineheight=\"60px\">Article 4 \u2013 Paiement<\/h1>\n<p><strong>Paiement au comptant :<\/strong><\/p>\n<p>Sauf conventions particuli\u00e8res entre BRIDGIN SARL et le client, le paiement est exigible \u00e0 r\u00e9ception de la facture. La soci\u00e9t\u00e9 BRIDGIN SARL se r\u00e9serve n\u00e9anmoins le droit de r\u00e9clamer un paiement avant exp\u00e9dition des marchandises quel que soit le montant de la commande.<\/p>\n<p>Dans certains cas, notamment d\u00e9faut de provision, absence de paiement, risque identifi\u00e9 sur le moyen de paiement, adresse erron\u00e9e ou autre probl\u00e8me sur le compte de l\u2019Utilisateur, BRIDGIN SARL se r\u00e9serve le droit de bloquer la commande de l\u2019Utilisateur jusqu\u2019\u00e0 la r\u00e9solution du probl\u00e8me.<\/p>\n<p><strong>Leasing :\u00a0<\/strong><\/p>\n<p>Le leasing vous permet de financer un instrument d\u2019une valeur sup\u00e9rieure \u00e0 6000\u20ac HT sur une dur\u00e9e de 3 \u00e0 5 ans.<\/p>\n<p>BRIDGIN SARL peut financer votre acquisition par un leasing avec l\u2019aide d\u2019un partenaire financier, sous r\u00e9serve de l\u2019acceptation de votre dossier par celui-ci.<\/p>\n<p>Le client peut de lui-m\u00eame prendre son propre leasing. Dans ce cas-l\u00e0 il doit s\u2019engager \u00e0 renvoyer le PV de r\u00e9ception dans les 24h \u00e0 son organisme financier.<\/p>\n<p><strong>Moyens de paiement :<\/strong><\/p>\n<p>Paiement par virement bancaire : Si vous choisissez le r\u00e8glement par virement bancaire, votre virement doit \u00eatre effectu\u00e9 \u00e0 l\u2019ordre de BRIDGIN SARL en pr\u00e9cisant en motif votre nom et num\u00e9ro de facture BRIDGIN SARL.<\/p>\n<p>RIB : BNP PARIBAS IBAN : FR76 3000 4000 9200 0101 2749 678 BIC (SWIFT) : BNPAFRPPXXX<\/p>\n<p>Paiement par ch\u00e8que : Uniquement pour les commandes en France m\u00e9tropolitaine (Corse comprise) et d\u00e9partements d\u2019outre-mer.<\/p>\n<p>Veuillez libeller votre ch\u00e8que \u00e0 l\u2019ordre de : BRIDGIN SARL et envoyer votre r\u00e8glement \u00e0 l\u2019adresse suivante :<\/p>\n<p>BRIDGIN SARL \u2013 Division lepont Instruments\u00a0<strong>\u2013 21 Boulevard Littr\u00e9 78600 Le Mesnil le Roi \u2013 France.<\/strong><\/p>\n<h1 class=\"fusion-responsive-typography-calculated\" data-fontsize=\"50\" data-lineheight=\"60px\">Article 6 \u2013 Transport<\/h1>\n<p><strong>International :\u00a0\u00a0<\/strong>Sauf accord particulier BRIDGIN SARL, choisit le mode d\u2019acheminement adapt\u00e9 \u00e0 l\u2019exp\u00e9dition du mat\u00e9riel.<\/p>\n<p>Sauf situation contraire, les op\u00e9rations de transport sont \u00e0 la charge et aux frais, risques et p\u00e9ril de l\u2019acheteur auquel il appartient de v\u00e9rifier \u00e0 r\u00e9ception de la livraison le nombre et l\u2019\u00e9tat du mat\u00e9riel.<\/p>\n<p>Que ce soit \u00e0 la charge de BRIDGIN SARL ou franco de port en cas de dommage ou d\u2019avarie, il doit \u00e9mettre les r\u00e9serves d\u2019usage sur le bon de livraison et en informer le transporteur dans les 48 heures suivants la r\u00e9ception.<\/p>\n<p>Sauf si un forfait pour les frais de port est appliqu\u00e9 le montant du transport sur la confirmation est une estimation, le montant final des frais de transport sera indiqu\u00e9 sur la facture.<\/p>\n<h1 class=\"fusion-responsive-typography-calculated\" data-fontsize=\"50\" data-lineheight=\"60px\">Article 7 \u2013 Clause de r\u00e9serve de propri\u00e9t\u00e9<\/h1>\n<p>En application de la loi n\u00b0 80-335 du 12 mai 1980, concernant la r\u00e9serve de propri\u00e9t\u00e9, il est express\u00e9ment pr\u00e9cis\u00e9 que l\u2019acheteur ne sera propri\u00e9taire du bien qu\u2019apr\u00e8s complet paiement de toutes les sommes dues. Jusqu\u2019\u00e0 cette date, l\u2019acheteur ne pourra, sans l\u2019autorisation pr\u00e9alable expresse de BRIDGIN SARL, revendre ce bien.<\/p>\n<p>BRIDGIN SARL pourra subordonner ladite autorisation aux conditions par lui souhait\u00e9es et pour avoir garantie des sommes lui restants dues par l\u2019acheteur. Nonobstant toute disposition contraire du pr\u00e9sent contrat, en cas de nonrespect par l\u2019acheteur d\u2019une des \u00e9ch\u00e9ances de paiement, BRIDGIN SARL, sans perdre aucun de ses droits, pourra exiger, par simple lettre recommand\u00e9e, la restitution des biens aux frais de l\u2019acheteur jusqu\u2019\u00e0 ex\u00e9cution par ce dernier de la totalit\u00e9 de ses engagements.<\/p>\n<h1 class=\"fusion-responsive-typography-calculated\" data-fontsize=\"50\" data-lineheight=\"60px\">Article 8 \u2013 Droit de r\u00e9tractation<\/h1>\n<p>Il n\u2019y a pas de d\u00e9lais de r\u00e9tractation pour les clients utilisateurs qui ont accept\u00e9 un devis et r\u00e9gl\u00e9 tout ou partie de la facture.<\/p>\n<p>Pour les revendeurs et distributeurs qui ach\u00e8tent les produits en vue de la revente :<\/p>\n<p>Pour pouvoir b\u00e9n\u00e9ficier d\u2019une reprise de votre commande vous devez nous le notifier sous 14 jours (date de facture) et les articles doivent \u00eatre inutilis\u00e9s et dans le m\u00eame \u00e9tat que lors de leur livraison. Le retour s\u2019effectuera \u00e0 la charge de l\u2019acqu\u00e9reur. Apr\u00e8s notre inspection nous proc\u00e9derons \u00e0 l\u2019\u00e9mission d\u2019un avoir. Si les articles sont retourn\u00e9s apr\u00e8s 14 jours, une retenue de 7% par mois (date de facture) sera effectu\u00e9e sur le total de la valeur.<\/p>\n<h1 class=\"fusion-responsive-typography-calculated\" data-fontsize=\"50\" data-lineheight=\"60px\">Article 9 \u2013 Droit de r\u00e9tractation pour la vente en ligne<\/h1>\n<p>Dans le cas d\u2019un achat en ligne par l\u2019acheteur utilisateur, ce dernier dispose, \u00e0 compter de la r\u00e9ception des articles, du d\u00e9lai de r\u00e9tractation l\u00e9gal (14 jours en France) pour annuler son achat.<\/p>\n<p>Pour exercer son droit de r\u00e9tractation, l\u2019acheteur doit notifier au service commercial de BRIDGIN SARL, sa d\u00e9cision de r\u00e9tractation du pr\u00e9sent contrat au moyen d\u2019une d\u00e9claration d\u00e9nu\u00e9e d\u2019ambigu\u00eft\u00e9 sous un d\u00e9lais de 14 jours -(date de facture) :<\/p>\n<ul>\n<li>Par t\u00e9l\u00e9phone au +33 9 73 87 04 24,<\/li>\n<li>Par courrier BRIDGIN SARL \u2013 division Instruments by Lepont -21 Boulevard Littr\u00e9 78600 Le Mesnil le Roi,<\/li>\n<\/ul>\n<p>Tous les Produits peuvent faire l\u2019objet d\u2019un remboursement except\u00e9s ceux exclus par la loi et portant une mention dans ce sens, comme les consommables.\u00a0 L\u2019acheteur doit s\u2019assurer que la commande pour laquelle il se r\u00e9tracte est renvoy\u00e9e compl\u00e8te. Les Produits \u00e0 reprendre doivent \u00eatre intacts, inutilis\u00e9s, complets, emball\u00e9s dans l\u2019emballage d\u2019origine et le cas \u00e9ch\u00e9ant d\u00e9branch\u00e9s. Les articles retourn\u00e9s incomplets, ab\u00eem\u00e9s ou endommag\u00e9s ne seront pas repris.<\/p>\n<p>L\u2019acheteur devra renvoyer ou rendre le bien, \u00e0 BRIDGIN SARL \u00e0 l\u2019adresse ci-dessous, sans retard excessif : BRIDGIN SARL division\u00a0 Instruments by Lepont \u2013 21 Boulevard Littr\u00e9 \u2013 78600 Le Mesnil le Roi.<\/p>\n<p>Dans le cadre de l\u2019exercice du droit de r\u00e9tractation, les frais de retour sont \u00e0 la charge de l\u2019acheteur (\u00e0 l\u2019exception d\u2019un Produit d\u00e9fectueux \u00e0 r\u00e9ception, ou d\u2019une erreur lors de l\u2019envoi du produit).<\/p>\n<p>Dans ce cas et apr\u00e8s inspection des produits, BRIDGIN SARL, remboursera tous les paiements re\u00e7us de l\u2019acheteur y compris les frais de port (\u00e0 l\u2019exception des frais suppl\u00e9mentaires d\u00e9coulant du fait que l\u2019acheteur a choisi, le cas \u00e9ch\u00e9ant, un mode de livraison autre que le mode de livraison standard).<\/p>\n<h1 class=\"fusion-responsive-typography-calculated\" data-fontsize=\"50\" data-lineheight=\"60px\">Article 10 \u2013 Garantie des produits<\/h1>\n<p data-start=\"420\" data-end=\"613\">En tant que distributeur, Instruments by Lepont s\u2019engage \u00e0 faire appliquer la garantie constructeur, qui couvre l\u2019absence de d\u00e9fauts de fabrication et de mat\u00e9riel sur les produits vendus.<\/p>\n<p data-start=\"615\" data-end=\"894\">Avant tout retour de mat\u00e9riel, le formulaire de retour doit \u00eatre rempli et envoy\u00e9 \u00e0 l\u2019adresse suivante : <a class=\"decorated-link cursor-pointer\" rel=\"noopener\" data-start=\"722\" data-end=\"735\">sav@lepont.fr<\/a>.<\/p>\n<p data-start=\"615\" data-end=\"894\">Cette garantie s\u2019applique sous r\u00e9serve du respect des instructions d\u2019utilisation et de maintenance dans le cadre d\u2019une utilisation normale et continue.<\/p>\n<p>10.1 P\u00e9riode et dur\u00e9e de la garantie<\/p>\n<p data-start=\"944\" data-end=\"1302\">La p\u00e9riode de garantie commence \u00e0 la date d\u2019acquisition de l\u2019appareil par l\u2019utilisateur final, justifi\u00e9e par la facture \u00e9mise par Instruments by Lepont.<br data-start=\"1100\" data-end=\"1103\" \/>En l\u2019absence de facture, la p\u00e9riode de garantie d\u00e9bute \u00e0 la date de vente de l\u2019appareil par le constructeur.<br data-start=\"1211\" data-end=\"1214\" \/>Sauf indication contraire du constructeur, la dur\u00e9e de la garantie est de 12 mois.<\/p>\n<p data-start=\"1304\" data-end=\"1586\">La garantie constructeur couvre les pi\u00e8ces et la main-d\u2019\u0153uvre en atelier du constructeur.<br data-start=\"1393\" data-end=\"1396\" \/>En cas de r\u00e9paration effectu\u00e9e en dehors des ateliers du constructeur, seules les pi\u00e8ces sous garantie sont fournies gratuitement ; les frais de main-d\u2019\u0153uvre restent \u00e0 la charge du client.<\/p>\n<p data-start=\"1588\" data-end=\"1824\">Les pi\u00e8ces remplac\u00e9es deviennent la propri\u00e9t\u00e9 du constructeur. Elles sont garanties pendant 90 jours \u00e0 compter de la date d\u2019exp\u00e9dition ou jusqu\u2019\u00e0 la fin de la p\u00e9riode de garantie initiale (la p\u00e9riode la plus longue \u00e9tant retenue).<\/p>\n<p>10.2 Limites de la garantie<\/p>\n<p data-start=\"1865\" data-end=\"1933\">La garantie constructeur ne s\u2019applique pas dans les cas suivants :<\/p>\n<ul data-start=\"1934\" data-end=\"2329\">\n<li data-start=\"1934\" data-end=\"2023\">\n<p data-start=\"1936\" data-end=\"2023\">Utilisation abusive, n\u00e9gligence, installation incorrecte ou maintenance insuffisante.<\/p>\n<\/li>\n<li data-start=\"2024\" data-end=\"2071\">\n<p data-start=\"2026\" data-end=\"2071\">Non-respect des instructions d\u2019utilisation.<\/p>\n<\/li>\n<li data-start=\"2072\" data-end=\"2216\">\n<p data-start=\"2074\" data-end=\"2216\">Tentative d\u2019ouverture, de r\u00e9paration ou de modification de l\u2019appareil par le client ou un tiers sans accord \u00e9crit pr\u00e9alable du constructeur.<\/p>\n<\/li>\n<li data-start=\"2217\" data-end=\"2329\">\n<p data-start=\"2219\" data-end=\"2329\">Date de vente sup\u00e9rieure \u00e0 12 mois ou impossible \u00e0 prouver (facture manquante ou num\u00e9ro de s\u00e9rie illisible).<\/p>\n<\/li>\n<\/ul>\n<p>10.3 Frais de port<\/p>\n<p>Les frais de port pour le retour du mat\u00e9riel sous garantie jusqu\u2019\u00e0 nos locaux sont \u00e0 la charge de l\u2019Utilisateur.<br data-start=\"328\" data-end=\"331\" \/>Les frais de port pour le renvoi du mat\u00e9riel r\u00e9par\u00e9 ou remplac\u00e9 \u00e0 l\u2019Utilisateur sont pris en charge par le constructeur ou par Instruments by Lepont, selon les modalit\u00e9s de la garantie constructeur.<\/p>\n<h1 class=\"fusion-responsive-typography-calculated\" data-fontsize=\"50\" data-lineheight=\"60px\">\u00a0Article 11 \u2013 Propri\u00e9t\u00e9 intellectuelle<\/h1>\n<p>BRIDGIN SARL accorde par la pr\u00e9sente \u00e0 l\u2019Utilisateur une licence non exclusive non transf\u00e9rable d\u2019utilisation du Logiciel int\u00e9gr\u00e9 tel qu\u2019il est embarqu\u00e9 ou int\u00e9gr\u00e9 dans les Marchandises au moment de la livraison comme faisant partie int\u00e9grante des Marchandises, \u00e0 utiliser conjointement avec le reste des Marchandises, mais \u00e0 condition que les Marchandises soient utilis\u00e9es exclusivement aux fins pr\u00e9vues et pour les besoins des activit\u00e9s internes de l\u2019Utilisateur.<\/p>\n<p>Sauf autorisation expresse aux termes de la pr\u00e9sente clause et exclusivement dans la mesure et les circonstances o\u00f9 la loi exige express\u00e9ment une telle autorisation, l\u2019Utilisateur\u00a0 n\u2019a pas le droit de louer, octroyer des sous-licences, pr\u00eater, copier, modifier, adapter, fusionner, traduire, proc\u00e9der \u00e0 une ing\u00e9nierie inverse, d\u00e9compiler, d\u00e9sosser ou cr\u00e9er des \u0153uvres d\u00e9riv\u00e9es sur la base de tout ou partie du Logiciel int\u00e9gr\u00e9 et des Marchandises ou d\u2019utiliser, reproduire ou n\u00e9gocier tout ou partie de ce Logiciel int\u00e9gr\u00e9 et des Marchandises, de quelque mani\u00e8re que ce soit.<\/p>\n<p>Concernant une quelconque de ces activit\u00e9s suppos\u00e9ment permises par la loi, l\u2019Utilisateur s\u2019engage \u00e0 adresser une d\u00e9claration \u00e9crite pr\u00e9alable \u00e0 BRIDGIN SARL dans laquelle il d\u00e9crit l\u2019activit\u00e9 et pr\u00e9cise les raisons pour lesquelles il estime qu\u2019elle est autoris\u00e9e, et \u00e0 ne pas entreprendre ladite activit\u00e9 jusqu\u2019\u00e0 ce que BRIDGIN SARL ait eu une opportunit\u00e9 raisonnable de l\u2019examiner et de r\u00e9pondre ensuite \u00e0 la d\u00e9claration.<\/p>\n<h1 class=\"fusion-responsive-typography-calculated\" data-fontsize=\"50\" data-lineheight=\"60px\">Article 12 \u2013 Responsabilit\u00e9 pour utilisation, perte ou dommages des donn\u00e9es<\/h1>\n<p>L\u2019Utilisateur est responsable du choix et de l\u2019utilisation du mat\u00e9riel et des programmes ainsi que des r\u00e9sultats obtenus avec les Marchandises fournies. Il incombe \u00e9galement \u00e0 l\u2019Utilisateur de mettre en place des solutions d\u2019urgence et des mesures de s\u00e9curit\u00e9 afin de prot\u00e9ger les donn\u00e9es archiv\u00e9es de la corruption, la destruction, la perte ou l\u2019utilisation frauduleuse et notamment de s\u2019assurer que les donn\u00e9es sont prot\u00e9g\u00e9es au moyen de sauvegardes.<\/p>\n<h1 class=\"fusion-responsive-typography-calculated\" data-fontsize=\"50\" data-lineheight=\"60px\">Article 13 \u2013 Limite de responsabilit\u00e9 de BRIDGIN SARL<\/h1>\n<p>La responsabilit\u00e9 de BRIDGIN SARL se limitant \u00e0 hauteur du remboursement du mat\u00e9riel.<\/p>\n<p>BRIDGIN SARL assume le risque de perte ou de dommages vis-\u00e0-vis du mat\u00e9riel jusqu\u2019\u00e0 la date d\u2019installation incluse dans le cadre d\u2019une installation par le collaborateur BRIDGIN SARL ; au-del\u00e0 de cette date, le risque est transf\u00e9r\u00e9 \u00e0 l\u2019Utilisateur. Si l\u2019installation est r\u00e9alis\u00e9e par l\u2019Utilisateur, le risque est transf\u00e9r\u00e9.<\/p>\n<\/div><\/div><style type=\"text\/css\">.fusion-body .fusion-builder-column-0{width:100% !important;margin-top : 15px;margin-bottom : 15px;}.fusion-builder-column-0 > .fusion-column-wrapper {padding-top : 0px !important;padding-right : 0px !important;margin-right : 1.92%;padding-bottom : 0px !important;padding-left : 0px !important;margin-left : 1.92%;}@media only screen and (max-width:1024px) {.fusion-body .fusion-builder-column-0{width:100% !important;order : 0;}.fusion-builder-column-0 > .fusion-column-wrapper {margin-right : 1.92%;margin-left : 1.92%;}}@media only screen and (max-width:640px) {.fusion-body .fusion-builder-column-0{width:100% !important;order : 0;}.fusion-builder-column-0 > .fusion-column-wrapper {margin-right : 1.92%;margin-left : 1.92%;}}<\/style><\/div><\/div><style type=\"text\/css\">.fusion-body .fusion-flex-container.fusion-builder-row-1{ padding-top : 0px;margin-top : 0px;padding-right : 0px;padding-bottom : 0px;margin-bottom : 0px;padding-left : 0px;}<\/style><\/div>\n","protected":false},"excerpt":{"rendered":"","protected":false},"author":3,"featured_media":0,"parent":0,"menu_order":0,"comment_status":"closed","ping_status":"closed","template":"","meta":[],"yoast_head":"<!-- This site is optimized with the Yoast SEO plugin v14.9 - https:\/\/yoast.com\/wordpress\/plugins\/seo\/ -->\n<title>CGV - Instruments by Lepont<\/title>\n<meta name=\"robots\" content=\"noindex, nofollow\" \/>\n<meta property=\"og:locale\" content=\"fr_FR\" \/>\n<meta property=\"og:type\" content=\"article\" \/>\n<meta property=\"og:title\" content=\"CGV - Instruments by Lepont\" \/>\n<meta property=\"og:url\" content=\"https:\/\/www.lepont.fr\/instruments\/cgv\/\" \/>\n<meta property=\"og:site_name\" content=\"Instruments by Lepont\" \/>\n<meta property=\"article:modified_time\" content=\"2025-09-22T14:09:50+00:00\" \/>\n<meta property=\"og:image\" content=\"https:\/\/www.lepont.fr\/instruments\/wp-content\/uploads\/2020\/10\/Carnet-terrain.png\" \/>\n\t<meta property=\"og:image:width\" content=\"304\" \/>\n\t<meta property=\"og:image:height\" content=\"328\" \/>\n<meta name=\"twitter:card\" content=\"summary_large_image\" \/>\n<script type=\"application\/ld+json\" class=\"yoast-schema-graph\">{\"@context\":\"https:\/\/schema.org\",\"@graph\":[{\"@type\":\"Organization\",\"@id\":\"https:\/\/www.lepont.fr\/instruments\/#organization\",\"name\":\"Lepont Instruments\",\"url\":\"https:\/\/www.lepont.fr\/instruments\/\",\"sameAs\":[],\"logo\":{\"@type\":\"ImageObject\",\"@id\":\"https:\/\/www.lepont.fr\/instruments\/#logo\",\"inLanguage\":\"fr-FR\",\"url\":\"https:\/\/www.lepont.fr\/instruments\/wp-content\/uploads\/2023\/01\/logo-lepont-instruments.jpg\",\"width\":716,\"height\":236,\"caption\":\"Lepont Instruments\"},\"image\":{\"@id\":\"https:\/\/www.lepont.fr\/instruments\/#logo\"}},{\"@type\":\"WebSite\",\"@id\":\"https:\/\/www.lepont.fr\/instruments\/#website\",\"url\":\"https:\/\/www.lepont.fr\/instruments\/\",\"name\":\"Instruments by Lepont\",\"description\":\"Solutions topographiques TOPCON ET SPECTRA GEOSPATIAL FRANCE\",\"publisher\":{\"@id\":\"https:\/\/www.lepont.fr\/instruments\/#organization\"},\"potentialAction\":[{\"@type\":\"SearchAction\",\"target\":\"https:\/\/www.lepont.fr\/instruments\/?s={search_term_string}\",\"query-input\":\"required name=search_term_string\"}],\"inLanguage\":\"fr-FR\"},{\"@type\":\"WebPage\",\"@id\":\"https:\/\/www.lepont.fr\/instruments\/cgv\/#webpage\",\"url\":\"https:\/\/www.lepont.fr\/instruments\/cgv\/\",\"name\":\"CGV - Instruments by Lepont\",\"isPartOf\":{\"@id\":\"https:\/\/www.lepont.fr\/instruments\/#website\"},\"datePublished\":\"2023-04-05T10:35:45+00:00\",\"dateModified\":\"2025-09-22T14:09:50+00:00\",\"inLanguage\":\"fr-FR\",\"potentialAction\":[{\"@type\":\"ReadAction\",\"target\":[\"https:\/\/www.lepont.fr\/instruments\/cgv\/\"]}]}]}<\/script>\n<!-- \/ Yoast SEO plugin. -->","_links":{"self":[{"href":"https:\/\/www.lepont.fr\/instruments\/wp-json\/wp\/v2\/pages\/22680"}],"collection":[{"href":"https:\/\/www.lepont.fr\/instruments\/wp-json\/wp\/v2\/pages"}],"about":[{"href":"https:\/\/www.lepont.fr\/instruments\/wp-json\/wp\/v2\/types\/page"}],"author":[{"embeddable":true,"href":"https:\/\/www.lepont.fr\/instruments\/wp-json\/wp\/v2\/users\/3"}],"replies":[{"embeddable":true,"href":"https:\/\/www.lepont.fr\/instruments\/wp-json\/wp\/v2\/comments?post=22680"}],"version-history":[{"count":10,"href":"https:\/\/www.lepont.fr\/instruments\/wp-json\/wp\/v2\/pages\/22680\/revisions"}],"predecessor-version":[{"id":23563,"href":"https:\/\/www.lepont.fr\/instruments\/wp-json\/wp\/v2\/pages\/22680\/revisions\/23563"}],"wp:attachment":[{"href":"https:\/\/www.lepont.fr\/instruments\/wp-json\/wp\/v2\/media?parent=22680"}],"curies":[{"name":"wp","href":"https:\/\/api.w.org\/{rel}","templated":true}]}}